{"id":1904,"date":"2023-05-04T12:58:51","date_gmt":"2023-05-04T12:58:51","guid":{"rendered":"https:\/\/frank-zander.de\/wp\/?page_id=1904"},"modified":"2023-08-24T11:05:41","modified_gmt":"2023-08-24T11:05:41","slug":"biografie","status":"publish","type":"page","link":"https:\/\/frank-zander.de\/wp\/?page_id=1904","title":{"rendered":"Kurzbiografie"},"content":{"rendered":"<div class=\"wpb-content-wrapper\"><p>[vc_row iron_row_type=&#8220;in_container&#8220; iron_remove_padding_medium=&#8220;&#8220; iron_remove_padding_small=&#8220;&#8220; iron_overlay_pattern=&#8220;&#8220; iron_parallax=&#8220;&#8220; iron_bg_video=&#8220;&#8220;][vc_column][vc_custom_heading text=&#8220;KURZBIOGRAFIE&#8220; font_container=&#8220;tag:h2|font_size:35px|text_align:center|line_height:38px&#8220; use_theme_fonts=&#8220;yes&#8220; fit_bg_text=&#8220;0&#8243;][vc_empty_space][\/vc_column][\/vc_row][vc_row iron_row_type=&#8220;in_container&#8220; iron_remove_padding_medium=&#8220;&#8220; iron_remove_padding_small=&#8220;&#8220; iron_overlay_pattern=&#8220;&#8220; iron_parallax=&#8220;&#8220; iron_bg_video=&#8220;&#8220;][vc_column width=&#8220;2\/3&#8243; css=&#8220;.vc_custom_1689864556099{margin-right: 10px !important;margin-left: 10px !important;}&#8220;][vc_custom_heading text=&#8220;Hallo Freunde! Meine gesamte Biografie hier abzudrucken w\u00e4re viel zu viel, denn es ist \u00fcber die Jahre \u00b4ne ganze Menge zusammengekommen. Musik, Malerei, TV-Shows, Obdachlosenfeier, Live-Shows und unz\u00e4hlige weitere verr\u00fcckte Geschichten. Angefangen hat aber alles Ende der 60er in Berlin Neuk\u00f6lln. W\u00e4hrend meines Studiums zum Gebrauchsgrafiker tingelte ich mit meiner Band als Gitarrist und S\u00e4nger durch die Berliner Clubs und irgendwann war dann die Stimme futsch und die Zander-Karriere kam ins Rollen. Hier nun f\u00fcr Euch eine Kurzfassung meiner Biografie zum Lesen und zum Download\u2026 Euer Frankie \ud83d\ude09&#8220; font_container=&#8220;tag:h2|font_size:18px|text_align:left|line_height:25px&#8220; use_theme_fonts=&#8220;yes&#8220; fit_bg_text=&#8220;0&#8243;][\/vc_column][vc_column width=&#8220;1\/3&#8243;][vc_single_image image=&#8220;1756&#8243; img_size=&#8220;medium&#8220; alignment=&#8220;right&#8220; style=&#8220;vc_box_shadow_3d&#8220; img_fullwidth=&#8220;0&#8243; css=&#8220;.vc_custom_1689864935210{margin-left: 15px !important;}&#8220;][\/vc_column][\/vc_row][vc_row iron_row_type=&#8220;in_container&#8220; iron_remove_padding_medium=&#8220;&#8220; iron_remove_padding_small=&#8220;&#8220; iron_overlay_pattern=&#8220;&#8220; iron_parallax=&#8220;&#8220; iron_bg_video=&#8220;&#8220;][vc_column][vc_empty_space][vc_column_text css=&#8220;.vc_custom_1689864612794{margin-right: 10px !important;margin-left: 10px !important;}&#8220;]Er ist Ur-Berliner, steht seit \u00fcber 50 Jahren auf der B\u00fchne, ist eigentlich gelernter Grafiker und Maler, gilt bis heute auf Grund seiner Chart-Platzierungen ganz offiziell als der erfolgreichste deutsche Comedy-S\u00e4nger aller Zeiten, k\u00fcmmert sich seit 1995 um Obdachlose und Bed\u00fcrftige seiner Stadt, hat den Fans des Fu\u00dfballclubs Hertha BSC vor 30 Jahren ihre heutige Hymne geschenkt und erhielt 2022 vom Bundespr\u00e4sidenten Frank Walter Steinmeier das Bundesverdienstkreuz 1. Klasse. Keine Frage \u2013 es geht um das Urgestein Frank Zander.<\/p>\n<p>In seiner langen Karriere hat der Familienmensch und \u201eStra\u00dfenk\u00f6ter\u201c, wie er sich selbst gerne nennt, zahlreiche Hits und Evergreens fabriziert. Seinen ersten Nummer 1 Hit landete Frank Zander 1974 mit dem \u201eUr-Ur-Enkel von Frankenstein\u201c nicht etwa in Deutschland, sondern in \u00d6sterreich, denn dort hat man als erstes seinen tiefschwarzen Humor lieben gelernt. Dieser Titel gilt als der erste deutsche Rap und pr\u00e4gte Zanders Markenzeichen: Die Reibeisenstimme. Es folgten in den 70er, 80er und 90er Jahren weitere Chart-Hits und Kult-Klassiker wie \u201eOh, Susie\u201c, \u201eIch trink auf Dein Wohl, Marie\u201c, \u201eCaptain Starlight\u201c, \u201eDer Ententanz\u201c, \u201eDa, Da, Da \u2013 ich wei\u00df Bescheid, Du wei\u00dft Bescheid\u201c, \u201eMarlene\u201c, \u201eJeannie\u201c, \u201eHier Kommt Kurt\u201c oder auch \u201eNur Nach Hause\u2026\u201c<\/p>\n<p>Whiskey, Weiber, Cha-cha-cha, erkl\u00e4rt Frank, wenn man ihn nach dem Ursprung seines Markenzeichens fragt \u2013 und es wird oft danach gefragt: Woher kommt diese Stimme! \u201dDas letzte Einhorn\u201d, \u201dAsterix der Gallier\u201d, \u201eAsterix \u2013 Sieg \u00fcber C\u00e4sar\u201c, \u201dGuck mal, wer da spricht\u201d, \u201dDie Sesamstra\u00dfen-Blues-Eule\u201d, \u201dThe Fearless Four\u201d und \u201dClever &amp; Smart\u201d sind Kinofilme und TV-Serien, bei denen Zander als Synchronstimme originellen Figuren Leben einhauchte. F\u00fcr viele seiner Fans bleibt aber bis heute die von Zander gesungene Intro Musik zur legend\u00e4ren RTL-Zeichentrickserie \u201eTeenage Mutant Hero Turtles\u201c besonders in Erinnerung.<\/p>\n<p>Aber egal wen man auf den K\u00fcnstler Frank Zander anspricht, man bekommt fast immer eine andere Antwort, denn der geborene Neuk\u00f6llner hat bereits mehrere Generationen begleitet und gepr\u00e4gt. Die einen sind mit seinen Kult-TV Shows wie \u201ePlattenk\u00fcche\u201c, \u201eBananas\u201c oder \u201eVorsicht Musik\u201c aufgewachsen, die anderen liebten seinen schwarzen Humor und den \u201eNick-Nack-Man\u201c, wieder andere h\u00f6rten von klein auf \u201eAlles Gute zum Geburtstag\u201c mit den Hamstern oder auch seine personalisierten Geburtstags-CDs und nicht zuletzt wird er von vielen als Maler von verr\u00fcckten und bunten Fisch-Gem\u00e4lden gesch\u00e4tzt.<\/p>\n<p>In Berlin aber wird Zander insbesondere f\u00fcr zwei Dinge verehrt: Sein soziales Engagement mit der seit 1995 allj\u00e4hrlich stattfindenden Weihnachtsfeier f\u00fcr Obdachlose und Bed\u00fcrftige und die offizielle Hymne f\u00fcr den Fu\u00dfballverein Hertha BSC \u201eNur nach Hause\u2026\u201c.<\/p>\n<p>Die Medien haben versucht, ihn in nur eine Schublade zu quetschen &#8211; ohne Erfolg. Bl\u00f6delbarde, Gruselrocker, Schlagerzar, Engel der Armen, Reibeisen oder auch Kult-S\u00e4nger. F\u00fcr das Allroundtalent Frank Zander ist eine Schublade eindeutig zu wenig. Es muss schon ein ganzer Schrank mit zig T\u00fcren und F\u00e4chern her, um die Vielfalt seiner Rollen und Projekte sortieren zu k\u00f6nnen. Zusammengefasst passt Frank Zander in keine Schublade, erf\u00fcllt aber alle Kriterien f\u00fcr die Bezeichnung: Echt coole Legende![\/vc_column_text][vc_empty_space]\r\n\t<a target=\"_blank\" data-hoverbg=\"#020202\" data-hoverborder=\"\" data-hovertext=\"#ffffff\"  class=\"button-widget center\" href=\"https:\/\/frank-zander.de\/wp\/wp-content\/uploads\/2023\/08\/zander_kurzbio2023.pdf\" style=\"padding-left:80px; padding-right:80px; padding-top:18px; padding-bottom:18px; border-width:1px; border-radius:0px; border-color:; background-color:#cacaca; color:#020202\">DOWNLOAD PDF<\/a><div class=\"clear button-clear\"><\/div>[vc_empty_space height=&#8220;72px&#8220;][\/vc_column][\/vc_row][vc_row iron_row_type=&#8220;in_container&#8220; iron_remove_padding_medium=&#8220;&#8220; iron_remove_padding_small=&#8220;&#8220; iron_overlay_pattern=&#8220;&#8220; iron_parallax=&#8220;&#8220; iron_bg_video=&#8220;&#8220;][vc_column width=&#8220;1\/3&#8243; css=&#8220;.vc_custom_1690281105052{border-top-width: 3px !important;border-right-width: 3px !important;border-bottom-width: 3px !important;border-left-width: 3px !important;background-color: rgba(2,2,2,0.25) !important;*background-color: rgb(2,2,2) !important;border-left-color: #cacaca !important;border-left-style: ridge !important;border-right-color: #cacaca !important;border-right-style: ridge !important;border-top-color: #cacaca !important;border-top-style: ridge !important;border-bottom-color: #cacaca !important;border-bottom-style: ridge !important;}&#8220; offset=&#8220;vc_col-lg-offset-1 vc_col-sm-offset-0&#8243;][vc_single_image image=&#8220;2910&#8243; img_size=&#8220;medium&#8220; add_caption=&#8220;yes&#8220; alignment=&#8220;center&#8220; style=&#8220;vc_box_shadow_3d&#8220; img_fullwidth=&#8220;0&#8243; css=&#8220;.vc_custom_1690275325401{margin-top: 30px !important;margin-right: 30px !important;margin-bottom: 30px !important;margin-left: 30px !important;}&#8220;][vc_column_text css=&#8220;.vc_custom_1690275636821{margin-top: 30px !important;margin-right: 30px !important;margin-bottom: 30px !important;margin-left: 30px !important;}&#8220;]&#8220;Zanders Zorn. Mein erstes Album. Habe ich mit sechs Jahren und meinem Kommunionsgeld gekauft. Eine klasse Scheibe\u2026&#8220;[\/vc_column_text][vc_column_text css=&#8220;.vc_custom_1690275557134{margin-top: 5px !important;margin-right: 5px !important;margin-bottom: 5px !important;margin-left: 5px !important;}&#8220;]<\/p>\n<p style=\"text-align: right;\"><em>Smudo &#8211; Die Fantastischen Vier<\/em><\/p>\n<p>[\/vc_column_text][\/vc_column][vc_column width=&#8220;1\/3&#8243; css=&#8220;.vc_custom_1690281058323{border-top-width: 3px !important;border-right-width: 3px !important;border-bottom-width: 3px !important;border-left-width: 3px !important;background-color: rgba(2,2,2,0.25) !important;*background-color: rgb(2,2,2) !important;border-left-color: #cacaca !important;border-left-style: ridge !important;border-right-color: #cacaca !important;border-right-style: ridge !important;border-top-color: #cacaca !important;border-top-style: ridge !important;border-bottom-color: #cacaca !important;border-bottom-style: ridge !important;}&#8220; offset=&#8220;vc_col-lg-offset-1 vc_col-sm-offset-0&#8243;][vc_single_image image=&#8220;2921&#8243; img_size=&#8220;medium&#8220; add_caption=&#8220;yes&#8220; alignment=&#8220;center&#8220; style=&#8220;vc_box_shadow_3d&#8220; img_fullwidth=&#8220;0&#8243; css=&#8220;.vc_custom_1690275785794{margin-top: 30px !important;margin-right: 30px !important;margin-bottom: 30px !important;margin-left: 30px !important;}&#8220;][vc_column_text css=&#8220;.vc_custom_1690275653298{margin-top: 30px !important;margin-right: 30px !important;margin-bottom: 30px !important;margin-left: 30px !important;}&#8220;]&#8220;Frank Zander war f\u00fcr mich in der Plattenk\u00fcche nicht nur ein gro\u00dfes Vorbild als Fernsehcomedian, er ist vor allem, und da gibt es keine Diskussion, der ewig junggebliebene Altmeister des komischen Liedes. Lieber Frank, du hast mir die Jugend mit deinen Songs vers\u00fc\u00dft, sp\u00e4ter haben wir zusammen Sender Frikadelle gedreht, jetzt brauchen wir noch was zusammen f\u00fcrs Alter. Ich freu mich! Alles Liebe, Dirk.&#8220;[\/vc_column_text][vc_column_text css=&#8220;.vc_custom_1690275759595{margin-top: 5px !important;margin-right: 5px !important;margin-bottom: 5px !important;margin-left: 5px !important;}&#8220;]<\/p>\n<p style=\"text-align: right;\"><em>Dirk Bach<br \/>\n<\/em><\/p>\n<p>[\/vc_column_text][\/vc_column][\/vc_row][vc_row iron_row_type=&#8220;in_container&#8220; iron_remove_padding_medium=&#8220;&#8220; iron_remove_padding_small=&#8220;&#8220; iron_overlay_pattern=&#8220;&#8220; iron_parallax=&#8220;&#8220; iron_bg_video=&#8220;&#8220;][vc_column][vc_empty_space][\/vc_column][\/vc_row][vc_row iron_row_type=&#8220;in_container&#8220; iron_remove_padding_medium=&#8220;&#8220; iron_remove_padding_small=&#8220;&#8220; iron_overlay_pattern=&#8220;&#8220; iron_parallax=&#8220;&#8220; iron_bg_video=&#8220;&#8220;][vc_column width=&#8220;1\/3&#8243; css=&#8220;.vc_custom_1690281708401{border-top-width: 3px !important;border-right-width: 3px !important;border-bottom-width: 3px !important;border-left-width: 3px !important;background-color: rgba(2,2,2,0.25) !important;*background-color: rgb(2,2,2) !important;border-left-color: #cacaca !important;border-left-style: ridge !important;border-right-color: #cacaca !important;border-right-style: ridge !important;border-top-color: #cacaca !important;border-top-style: ridge !important;border-bottom-color: #cacaca !important;border-bottom-style: ridge !important;}&#8220; offset=&#8220;vc_col-lg-offset-1 vc_col-sm-offset-0&#8243;][vc_single_image image=&#8220;2928&#8243; img_size=&#8220;medium&#8220; add_caption=&#8220;yes&#8220; alignment=&#8220;center&#8220; style=&#8220;vc_box_shadow_3d&#8220; img_fullwidth=&#8220;0&#8243; css=&#8220;.vc_custom_1690276231955{margin-top: 30px !important;margin-right: 30px !important;margin-bottom: 30px !important;margin-left: 30px !important;}&#8220;][vc_column_text css=&#8220;.vc_custom_1690276254279{margin-top: 30px !important;margin-right: 30px !important;margin-bottom: 30px !important;margin-left: 30px !important;}&#8220;]&#8220;Ein Berliner Urgestein, ein Wegbereiter und Allesk\u00f6nner der olympischen Spa\u00dfgesellschaft mit dem Herz am richtigen Fleck. Ob als Moderator, Sketchgigant oder Hitlieferant. Er ist die Ursuppe aller Comedians, der g\u00f6ttliche Frank Zander oder besser gesagt: \u201eHier kommt Kurt\u201c\u2026&#8220;[\/vc_column_text][vc_column_text css=&#8220;.vc_custom_1690276267786{margin-top: 5px !important;margin-right: 5px !important;margin-bottom: 5px !important;margin-left: 5px !important;}&#8220;]<\/p>\n<p style=\"text-align: right;\"><em>Atze Schr\u00f6der<br \/>\n<\/em><\/p>\n<p>[\/vc_column_text][\/vc_column][vc_column width=&#8220;1\/3&#8243; css=&#8220;.vc_custom_1690280548869{border-top-width: 3px !important;border-right-width: 3px !important;border-bottom-width: 3px !important;border-left-width: 3px !important;background-color: rgba(5,5,5,0.25) !important;*background-color: rgb(5,5,5) !important;border-left-color: #cacaca !important;border-left-style: ridge !important;border-right-color: #cacaca !important;border-right-style: ridge !important;border-top-color: #cacaca !important;border-top-style: ridge !important;border-bottom-color: #cacaca !important;border-bottom-style: ridge !important;}&#8220; offset=&#8220;vc_col-lg-offset-1 vc_col-sm-offset-0&#8243;][vc_single_image image=&#8220;2936&#8243; img_size=&#8220;medium&#8220; add_caption=&#8220;yes&#8220; alignment=&#8220;center&#8220; style=&#8220;vc_box_shadow_3d&#8220; img_fullwidth=&#8220;0&#8243; css=&#8220;.vc_custom_1690276938898{margin-top: 30px !important;margin-right: 30px !important;margin-bottom: 30px !important;margin-left: 30px !important;}&#8220;][vc_column_text css=&#8220;.vc_custom_1690276972236{margin-top: 30px !important;margin-right: 30px !important;margin-bottom: 30px !important;margin-left: 30px !important;}&#8220;]\u201eFrank war in den Siebzigern kult\u2026 Und er ist es bis heute.Seine flotten, frechen Songs gesungen mit seiner einzigartig sch\u00f6nen Knatterstimme sind unvergessliche Evergreens geworden und haben nun schon drei Generationen gepr\u00e4gt! Und bei all dem Erfolg ist Frank immer Mensch geblieben und als Kollege ist er einfach in jeder Hinsicht klasse. Er lebe hoch, der Ur-Ur-Enkel von Frankenstein!&#8220;[\/vc_column_text][vc_column_text css=&#8220;.vc_custom_1690276985252{margin-top: 5px !important;margin-right: 5px !important;margin-bottom: 5px !important;margin-left: 5px !important;}&#8220;]<\/p>\n<p style=\"text-align: right;\"><em>Hape Kerkeling<br \/>\n<\/em><\/p>\n<p>[\/vc_column_text][\/vc_column][\/vc_row][vc_row iron_row_type=&#8220;in_container&#8220; iron_remove_padding_medium=&#8220;&#8220; iron_remove_padding_small=&#8220;&#8220; iron_overlay_pattern=&#8220;&#8220; iron_parallax=&#8220;&#8220; iron_bg_video=&#8220;&#8220;][vc_column][vc_empty_space][\/vc_column][\/vc_row][vc_row iron_row_type=&#8220;in_container&#8220; iron_remove_padding_medium=&#8220;&#8220; iron_remove_padding_small=&#8220;&#8220; iron_overlay_pattern=&#8220;&#8220; iron_parallax=&#8220;&#8220; iron_bg_video=&#8220;&#8220;][vc_column width=&#8220;1\/3&#8243; css=&#8220;.vc_custom_1690281708401{border-top-width: 3px !important;border-right-width: 3px !important;border-bottom-width: 3px !important;border-left-width: 3px !important;background-color: rgba(2,2,2,0.25) !important;*background-color: rgb(2,2,2) !important;border-left-color: #cacaca !important;border-left-style: ridge !important;border-right-color: #cacaca !important;border-right-style: ridge !important;border-top-color: #cacaca !important;border-top-style: ridge !important;border-bottom-color: #cacaca !important;border-bottom-style: ridge !important;}&#8220; offset=&#8220;vc_col-lg-offset-1 vc_col-sm-offset-0&#8243;][vc_single_image image=&#8220;2938&#8243; img_size=&#8220;medium&#8220; add_caption=&#8220;yes&#8220; alignment=&#8220;center&#8220; style=&#8220;vc_box_shadow_3d&#8220; img_fullwidth=&#8220;0&#8243; css=&#8220;.vc_custom_1690277186734{margin-top: 30px !important;margin-right: 30px !important;margin-bottom: 30px !important;margin-left: 30px !important;}&#8220;][vc_column_text css=&#8220;.vc_custom_1690277242520{margin-top: 30px !important;margin-right: 30px !important;margin-bottom: 30px !important;margin-left: 30px !important;}&#8220;]&#8220;Mein Gott, bin ich wirklich schon so alt, dass ich jetzt Lobeshymnen schreiben muss f\u00fcr CD Wiederver\u00f6ffentlichungen von Schallplatten, f\u00fcr die ich als junger Mensch mein ganzes Taschengeld ausgegeben habe und die ich damals auswendig lernen und abdudeln musste, bis keine Rillen mehr zu sehen waren? Irgendwie aber auch sch\u00f6n \u2013 denn es ist h\u00f6chste Zeit, dass diese untersch\u00e4tzten Meisterwerke der deutschen Vergangenheitslyrik endlich wieder das digitalisierte Licht der Welt erblicken! F.B.I. und DONNERWETTER \u2013 zwei liebevoll dahingerotzte Meisterst\u00fccke des schwarzen Humors voll filigraner Poesie oder so \u00e4hnlich. Ich fand sie damals einfach geil&#8220;[\/vc_column_text][vc_column_text css=&#8220;.vc_custom_1690277255339{margin-top: 5px !important;margin-right: 5px !important;margin-bottom: 5px !important;margin-left: 5px !important;}&#8220;]<\/p>\n<p style=\"text-align: right;\"><em>Oliver Kalkofe<br \/>\n<\/em><\/p>\n<p>[\/vc_column_text][\/vc_column][vc_column width=&#8220;1\/3&#8243; css=&#8220;.vc_custom_1690280548869{border-top-width: 3px !important;border-right-width: 3px !important;border-bottom-width: 3px !important;border-left-width: 3px !important;background-color: rgba(5,5,5,0.25) !important;*background-color: rgb(5,5,5) !important;border-left-color: #cacaca !important;border-left-style: ridge !important;border-right-color: #cacaca !important;border-right-style: ridge !important;border-top-color: #cacaca !important;border-top-style: ridge !important;border-bottom-color: #cacaca !important;border-bottom-style: ridge !important;}&#8220; offset=&#8220;vc_col-lg-offset-1 vc_col-sm-offset-0&#8243;][vc_single_image image=&#8220;2978&#8243; img_size=&#8220;medium&#8220; add_caption=&#8220;yes&#8220; alignment=&#8220;center&#8220; style=&#8220;vc_box_shadow_3d&#8220; img_fullwidth=&#8220;0&#8243; css=&#8220;.vc_custom_1690282009851{margin-top: 30px !important;margin-right: 30px !important;margin-bottom: 30px !important;margin-left: 30px !important;}&#8220;][vc_column_text css=&#8220;.vc_custom_1690283402561{margin-top: 30px !important;margin-right: 30px !important;margin-bottom: 30px !important;margin-left: 30px !important;}&#8220;]&#8220;&#8230;Das erste mal bin ich dir irgendwann in den 70ern bei einer Fernsehsendung des SWR begegnet, du probtest &#8222;Ich trink&#8216; auf dein Wohl, Marie&#8220; und die Schwierigkeit bestand darin, den Korken, den du mit den Z\u00e4hnen aus der Flasche zogst, mit dem &#8222;Plopp&#8220; des Playbacks zu synchroniesieren, Du hast sie nach ein paar Anl\u00e4ufen souver\u00e4n gemeistert. Dabei hat sich auch meine Lieblingszeile &#8222;du siehst aus wie eine weggeworfene Aktentasche&#8220; f\u00fcr immer eingepr\u00e4gt und ist bis heute meine Lieblingsbeleidigung geblieben \ud83d\ude09 &#8230; Gl\u00fcck auf, lieber Freund, bleib gesund und freue dich des Lebens mit deinen Lieben. Erfreue uns auch weiter mit deinen Liedern und gib uns Zuversicht mit deinem Humor und deiner Menschlichkeit. Dein Reinhard[\/vc_column_text][vc_column_text css=&#8220;.vc_custom_1690282417350{margin-top: 5px !important;margin-right: 5px !important;margin-bottom: 5px !important;margin-left: 5px !important;}&#8220;]<\/p>\n<p style=\"text-align: right;\"><em>Reinhard Mey<br \/>\n<\/em><\/p>\n<p>[\/vc_column_text][\/vc_column][\/vc_row][vc_row iron_row_type=&#8220;in_container&#8220; iron_remove_padding_medium=&#8220;&#8220; iron_remove_padding_small=&#8220;&#8220; iron_overlay_pattern=&#8220;&#8220; iron_parallax=&#8220;&#8220; iron_bg_video=&#8220;&#8220;][vc_column][vc_empty_space][\/vc_column][\/vc_row]<\/p>\n<\/div>","protected":false},"excerpt":{"rendered":"<p>[vc_row iron_row_type=&#8220;in_container&#8220; iron_remove_padding_medium=&#8220;&#8220; iron_remove_padding_small=&#8220;&#8220; iron_overlay_pattern=&#8220;&#8220; iron_parallax=&#8220;&#8220; iron_bg_video=&#8220;&#8220;][vc_column][vc_custom_heading text=&#8220;KURZBIOGRAFIE&#8220; font_container=&#8220;tag:h2|font_size:35px|text_align:center|line_height:38px&#8220; use_theme_fonts=&#8220;yes&#8220; fit_bg_text=&#8220;0&#8243;][vc_empty_space][\/vc_column][\/vc_row][vc_row iron_row_type=&#8220;in_container&#8220; iron_remove_padding_medium=&#8220;&#8220; iron_remove_padding_small=&#8220;&#8220; iron_overlay_pattern=&#8220;&#8220; iron_parallax=&#8220;&#8220; iron_bg_video=&#8220;&#8220;][vc_column width=&#8220;2\/3&#8243; css=&#8220;.vc_custom_1689864556099{margin-right: 10px !important;margin-left: 10px !important;}&#8220;][vc_custom_heading text=&#8220;Hallo Freunde! Meine gesamte Biografie hier abzudrucken w\u00e4re viel zu viel, denn es ist \u00fcber die Jahre \u00b4ne ganze Menge zusammengekommen. Musik, Malerei, TV-Shows, Obdachlosenfeier, Live-Shows und unz\u00e4hlige weitere verr\u00fcckte Geschichten. Angefangen hat aber alles Ende der 60er in Berlin Neuk\u00f6lln. W\u00e4hrend meines Studiums zum Gebrauchsgrafiker tingelte ich mit meiner Band als Gitarrist und S\u00e4nger durch die [&hellip;]<\/p>\n","protected":false},"author":3,"featured_media":0,"parent":0,"menu_order":0,"comment_status":"closed","ping_status":"closed","template":"","meta":{"footnotes":""},"class_list":["post-1904","page","type-page","status-publish","hentry"],"_links":{"self":[{"href":"https:\/\/frank-zander.de\/wp\/index.php?rest_route=\/wp\/v2\/pages\/1904","targetHints":{"allow":["GET"]}}],"collection":[{"href":"https:\/\/frank-zander.de\/wp\/index.php?rest_route=\/wp\/v2\/pages"}],"about":[{"href":"https:\/\/frank-zander.de\/wp\/index.php?rest_route=\/wp\/v2\/types\/page"}],"author":[{"embeddable":true,"href":"https:\/\/frank-zander.de\/wp\/index.php?rest_route=\/wp\/v2\/users\/3"}],"replies":[{"embeddable":true,"href":"https:\/\/frank-zander.de\/wp\/index.php?rest_route=%2Fwp%2Fv2%2Fcomments&post=1904"}],"version-history":[{"count":93,"href":"https:\/\/frank-zander.de\/wp\/index.php?rest_route=\/wp\/v2\/pages\/1904\/revisions"}],"predecessor-version":[{"id":3066,"href":"https:\/\/frank-zander.de\/wp\/index.php?rest_route=\/wp\/v2\/pages\/1904\/revisions\/3066"}],"wp:attachment":[{"href":"https:\/\/frank-zander.de\/wp\/index.php?rest_route=%2Fwp%2Fv2%2Fmedia&parent=1904"}],"curies":[{"name":"wp","href":"https:\/\/api.w.org\/{rel}","templated":true}]}}